{"id":1739,"date":"2025-05-15T11:34:51","date_gmt":"2025-05-15T09:34:51","guid":{"rendered":"https:\/\/interplasp.servidortigres.com\/privacy-policy\/"},"modified":"2025-05-16T14:12:55","modified_gmt":"2025-05-16T12:12:55","slug":"privacy-policy","status":"publish","type":"page","link":"https:\/\/interplasp.com\/en\/privacy-policy\/","title":{"rendered":"Privacy policy"},"content":{"rendered":"<h1><strong>POL\u00cdTICA DE PRIVACIDAD:<\/strong><\/h1>\n<p><strong>\u00a0<\/strong>Mediante la presente pol\u00edtica de protecci\u00f3n de datos, <strong>INTERPLASP,<\/strong> informa a los usuarios de su web de la forma en que se van a gestionar los datos de sus usuarios, con el fin de que decidan, libre y voluntariamente, si desean facilitar la informaci\u00f3n solicitada.<\/p>\n<h3>PRINCIPIOS Y GARANT\u00cdA DE PRIVACIDAD<\/h3>\n<p>En esta p\u00e1gina web se respetan y protegen los datos personales de los usuarios. Como tal debe saber que sus derechos est\u00e1n garantizados.<\/p>\n<p>Desde <strong>INTERPLASP<\/strong> le garantizamos el cumplimiento de los siguientes principios con el objetivo de garantizar su privacidad:<\/p>\n<p>* Nunca solicitamos informaci\u00f3n personal a menos que realmente sea necesaria para prestar los servicios que el cliente nos requiera.<\/p>\n<p>* Nunca compartimos informaci\u00f3n personal de nuestros usuarios con nadie, excepto para cumplir con la ley o en caso que contemos con la autorizaci\u00f3n expresa del usuario.<\/p>\n<p>* Nunca utilizaremos sus datos personales con una finalidad diferente a la expresada en esta pol\u00edtica de privacidad.<\/p>\n<p>Es preciso advertir que esta Pol\u00edtica de Privacidad puede modificarse con el fin de adaptarse a nuevas exigencias normativas, por lo que se aconseja a los usuarios que la visiten peri\u00f3dicamente.<\/p>\n<p><strong>INTERPLASP<\/strong> ha adecuado esta web a las exigencias del Reglamento (UE) 2016\/679 del Parlamento Europeo y del Consejo de 27 de abril de 2016 y Ley 3\/2018, de protecci\u00f3n de datos de car\u00e1cter personal y garant\u00edas y derechos digitales (LOPDGDD), as\u00ed como de la Ley 34\/2002, de 11 de julio, de Servicios de la Sociedad de la Informaci\u00f3n y Comercio Electr\u00f3nico (LSSICE o LSSI).<\/p>\n<h3>RESPONSABLE DEL TRATAMIENTO<\/h3>\n<p>Raz\u00f3n social: INTERPLASP S.L., <strong>(En adelante, INTERPLASP)<\/strong>. <strong>\u00a0<\/strong><\/p>\n<p>CIF: B30128011<\/p>\n<p>Direcci\u00f3n: CTRA. DE VILLENA, S\/N, 30510, YECLA, MURCIA.<\/p>\n<p>Tel\u00e9fono: +34 968 75 11 80<\/p>\n<p>Email: <a href=\"mailto:info@interplasp.com\">info@interplasp.com<\/a><\/p>\n<p>Para el tratamiento de datos de nuestros usuarios, implementamos todas las medidas t\u00e9cnicas y organizativas de seguridad establecidas en la legislaci\u00f3n vigente.<\/p>\n<h3>PRINCIPIOS DE APLICACI\u00d3N A INFORMACI\u00d3N PERSONAL:<\/h3>\n<p>En el tratamiento de sus datos personales, aplicaremos los siguientes principios que se ajustan a las exigencias del nuevo RGPD:<\/p>\n<p>* Licitud, lealtad y transparencia: Siempre vamos a requerir su consentimiento para el tratamiento de sus datos personales para uno o varios fines espec\u00edficos de los cuales le informaremos previamente con absoluta transparencia.<\/p>\n<p>* Minimizaci\u00f3n de datos: Solo vamos a solicitar datos estrictamente necesarios en relaci\u00f3n con los fines para los que los requerimos.<\/p>\n<p>* Limitaci\u00f3n del plazo de conservaci\u00f3n: los datos ser\u00e1n mantenidos durante no m\u00e1s tiempo del necesario para los fines del tratamiento.<\/p>\n<p>* Integridad y confidencialidad: Sus datos ser\u00e1n tratados de tal manera que se garantice una seguridad adecuada de los datos personales y se garantice confidencialidad. <strong>INTERPLASP<\/strong> tomar\u00e1 las precauciones necesarias para evitar el acceso no autorizado o uso indebido de los datos de nuestros usuarios por parte de terceros.<\/p>\n<p><strong><em>\u00bfC\u00f3mo hemos obtenido sus datos?<\/em><\/strong><\/p>\n<p>Los datos personales que tratamos proceden de:<\/p>\n<ul>\n<li>Formulario de contacto<\/li>\n<li>Suscripci\u00f3n newsletter<\/li>\n<li>Correo electr\u00f3nico<\/li>\n<li>Alta como usuario<\/li>\n<li>Inscripci\u00f3n eventos y actividades<\/li>\n<\/ul>\n<p><strong><em>\u00bfCon qu\u00e9 finalidad tratamos sus datos personales?<\/em><\/strong><\/p>\n<p>Cuando un usuario se conecta con esta web por ejemplo para comentar un post, mandar un correo al titular, suscribirse o realizar alguna contrataci\u00f3n, est\u00e1 facilitando informaci\u00f3n de car\u00e1cter personal de la que es responsable <strong>INTERPLASP.<\/strong> Esa informaci\u00f3n puede incluir datos de car\u00e1cter personal como pueden ser su direcci\u00f3n IP, nombre, direcci\u00f3n f\u00edsica, direcci\u00f3n de correo electr\u00f3nico, n\u00famero de tel\u00e9fono, y otra informaci\u00f3n. Al facilitar esta informaci\u00f3n, el usuario da su consentimiento para que su informaci\u00f3n sea recopilada, utilizada, gestionada y almacenada por <strong>INTERPLASP<\/strong>, tal y como se describe en el Aviso Legal y en la presente Pol\u00edtica de Privacidad.<br \/>\nExisten diferentes sistemas de captura de informaci\u00f3n personal y trato la informaci\u00f3n que nos facilitan las personas interesadas por las siguientes v\u00edas:<\/p>\n<ul>\n<li>Formulario de contacto: Se solicitan los siguientes datos personales: Nombre, Email, y dem\u00e1s informaci\u00f3n que nos puedan aportar en el cuerpo del mensaje, para responder a los requerimientos de los usuarios de la web. Por ejemplo, podemos utilizar esos datos para responder a su solicitud y dar respuesta a las dudas, quejas o comentarios sobre la informaci\u00f3n incluida en la web, los servicios que se prestan a trav\u00e9s de la web o el tratamiento de sus datos personales.<\/li>\n<li>Formulario de alta usuario: Al rellenar los campos del apartado \u201cCree una cuenta\/Darse de Alta\/Registrarse\u201d se solicitan los siguientes datos personales: Nombre y apellidos, direcci\u00f3n, tel\u00e9fono, email, id y contrase\u00f1a.<\/li>\n<li>Formulario de Newsletter: Se solicitan los siguientes datos personales: Nombre, Email, y dem\u00e1s informaci\u00f3n que nos puedan aportar en el cuerpo del Mensaje, para poder enviarle toda la informaci\u00f3n relacionada con nuestros servicios y productos que pudieran ser de su inter\u00e9s.<\/li>\n<li>Tambi\u00e9n se recogen otros datos no identificativos que se obtienen mediante algunas cookies que se descargan en el ordenador del usuario cuando navega en esta web que se detallan en la pol\u00edtica de cookies.<br \/>\n<strong>INTERPLASP<\/strong> no ceder\u00e1 datos de car\u00e1cter personal que puedan identificar al usuario a terceros sin el consentimiento previo.<\/li>\n<\/ul>\n<p><strong><em>\u00bfCu\u00e1l es la legitimaci\u00f3n para el tratamiento de tus datos?<\/em><\/strong><\/p>\n<p><strong>INTERPLASP<\/strong> est\u00e1 legitimado al tratamiento de sus datos personales, en base al consentimiento del interesado, tal y como se dispone en el art\u00edculo 6.1.a del citado RGPD.<\/p>\n<p><strong><em>\u00bfCu\u00e1l es el plazo de conservaci\u00f3n de tus datos?<\/em><\/strong><\/p>\n<p>Los datos personales proporcionados se conservar\u00e1n mientras se mantenga una relaci\u00f3n comercial y, en su caso, durante los a\u00f1os necesarios para cumplir con las obligaciones legales o hasta que el interesado solicite la supresi\u00f3n de sus datos.<\/p>\n<p><strong><em>\u00bfCu\u00e1les son sus derechos cuando nos facilita sus datos?<\/em><\/strong><\/p>\n<p>Las personas interesadas tienen derecho a:<\/p>\n<ul>\n<li>Acceso: Acceder a sus datos personales que disponga<strong> INTERPLASP.<\/strong><\/li>\n<li>Rectificaci\u00f3n: Modificar o rectificar sus datos inexactos que disponga<strong> INTERPLASP.<\/strong><\/li>\n<li>Cancelaci\u00f3n: Cancelar sus datos personales, cuando ya no sean necesarios, de la base de datos de <strong>INTERPLASP.<\/strong><\/li>\n<li>Oposici\u00f3n: Oponerse a la utilizaci\u00f3n de sus datos para una finalidad que no es la elegida, de los servicios prestados por <strong>INTERPLASP.<\/strong><\/li>\n<li>Portabilidad: Solicitar el cambio de expediente en un fichero automatizado para otra compa\u00f1\u00eda, desde la base de datos de <strong>INTERPLASP.<\/strong><\/li>\n<li>Limitaci\u00f3n: Limitar la utilizaci\u00f3n y plazo del uso de sus datos por parte de <strong>INTERPLASP<\/strong>, en cuyo caso solo se conservar\u00e1n seg\u00fan la legislaci\u00f3n fiscal y para el ejercicio de reclamaciones.<\/li>\n<li>Retirada (Derecho al Olvido): Solicitar la eliminaci\u00f3n de su historial, si procede, en Internet (V\u00e9ase RGPD).<\/li>\n<\/ul>\n<p>Dichos derechos puedes ser ejercidos utilizando los formularios habilitados para ello, a trav\u00e9s del email de la empresa o de nuestro delegado de protecci\u00f3n de datos en el email <a href=\"mailto:dpd@valegalespa\u00f1a.com\">dpd@valegalespa\u00f1a.com<\/a> .<\/p>\n<p>Por \u00faltimo, le informamos de su derecho a presentar una reclamaci\u00f3n ante <strong>la autoridad de control <\/strong>en materia de protecci\u00f3n de datos pertinente, en particular, ante la <a href=\"http:\/\/www.agpd.es\/portalwebAGPD\/index-ides-idphp.php\" target=\"_blank\" rel=\"noopener noreferrer nofollow\">Agencia Espa\u00f1ola de Protecci\u00f3n de Datos<\/a> (<a href=\"https:\/\/www.agpd.es\/portalwebAGPD\/index-ides-idphp.php\" target=\"_blank\" rel=\"noopener noreferrer nofollow\">https:\/\/www.agpd.es\/portalwebAGPD\/index-ides-idphp.php<\/a>)<\/p>\n<p>Los interesados podr\u00e1n acceder a sus datos personales, as\u00ed como solicitar la rectificaci\u00f3n de los datos inexactos o, en su caso, solicitar su supresi\u00f3n cuando, entre otros motivos, los datos ya no sean necesarios para los fines que fueron recogidos. En determinadas circunstancias, los interesados podr\u00e1n solicitar la limitaci\u00f3n del tratamiento de sus datos, en cuyo caso \u00fanicamente se conservar\u00e1n para el ejercicio o la defensa de reclamaciones.<br \/>\nEn determinadas circunstancias y por motivos relacionados con su situaci\u00f3n particular, los interesados podr\u00e1n oponerse al tratamiento de sus datos. <strong>INTERPLASP<\/strong> dejar\u00e1 de tratar los datos, salvo por motivos leg\u00edtimos, o el ejercicio o la defensa de posibles reclamaciones. C\u00f3mo interesado, tiene derecho a que se efect\u00faa la portabilidad de los datos, es decir, a recibir los datos personales que nos haya facilitado y a transmitirlos a otro responsable del tratamiento cuando:<\/p>\n<ul>\n<li>El tratamiento est\u00e9 basado en el consentimiento<\/li>\n<li>Los datos hayan sido facilitados por la persona interesada.<\/li>\n<li>El tratamiento se efect\u00fae por medios automatizados.<\/li>\n<\/ul>\n<p>Al ejercer su derecho a la portabilidad de los datos, tendr\u00e1 derecho a que los datos personales se transmitan directamente de responsable a responsable cuando sea t\u00e9cnicamente posible.<br \/>\nLos interesados tambi\u00e9n tendr\u00e1n derecho a la tutela judicial efectiva y podr\u00e1n presentar una reclamaci\u00f3n ante la autoridad de control, en este caso, la Agencia Espa\u00f1ola de Protecci\u00f3n de Datos, si consideran que el tratamiento de datos personales que le conciernen infringe el Reglamento.<\/p>\n<h3>EXACTITUD DE LOS DATOS<\/h3>\n<p>El usuario es el \u00fanico responsable de la veracidad de los datos que remita a <strong>INTERPLASP<\/strong> exoner\u00e1ndole de cualquier responsabilidad al respecto.<br \/>\nLos usuarios garantizan y responden, en cualquier caso, de la exactitud, vigencia y autenticidad de los datos personales facilitados, y se comprometen a mantenerlos debidamente actualizados. El usuario acepta proporcionar informaci\u00f3n completa y correcta en el formulario de contacto o suscripci\u00f3n.<\/p>\n<h3>MEDIDAS DE SEGURIDAD<\/h3>\n<p><strong>INTERPLASP<\/strong> se compromete en el uso y tratamiento de los datos personales de los usuarios, respetando su confidencialidad, a utilizarlos de acuerdo con la finalidad del mismo, as\u00ed como a dar cumplimiento a su obligaci\u00f3n de guardarlos y adaptar todas las medidas para evitar la alteraci\u00f3n, p\u00e9rdida, tratamiento o acceso no autorizado, de conformidad con lo establecido en la normativa vigente de protecci\u00f3n de datos.<br \/>\nCuando se presente alg\u00fan incidente de seguridad, al darse cuenta <strong>INTERPLASP<\/strong>, deber\u00e1 notificarlo al usuario sin demoras indebidas y deber\u00e1 proporcionarle la informaci\u00f3n oportuna relacionada con el incidente de seguridad cuando se conozca.<\/p>\n<h3>ACEPTACI\u00d3N Y CONSENTIMIENTO<\/h3>\n<p>El usuario declara haber sido informado de las condiciones sobre protecci\u00f3n de datos de car\u00e1cter personal, aceptando y consintiendo el tratamiento de los mismos por parte de<strong> INTERPLASP<\/strong> en la forma y para las finalidades indicadas en esta pol\u00edtica de privacidad.<\/p>\n<h3>REVOCABILIDAD<\/h3>\n<p>El consentimiento prestado, tanto para el tratamiento como para la cesi\u00f3n de los datos de los interesados, es revocable en cualquier momento comunic\u00e1ndolo a<strong> INTERPLASP<\/strong> en los t\u00e9rminos establecidos en esta Pol\u00edtica de Privacidad para el ejercicio de sus derechos.<\/p>\n<h3>CAMBIOS EN LA POL\u00cdTICA DE PRIVACIDAD<\/h3>\n<p><strong>INTERPLASP<\/strong> se reserva el derecho a modificar la presente pol\u00edtica para adaptarla a novedades legislativas, as\u00ed como a pr\u00e1cticas de la industria. En dichos supuestos, en esta misma p\u00e1gina, se anunciar\u00e1n los cambios introducidos con razonable antelaci\u00f3n a su puesta en pr\u00e1ctica.<\/p>\n","protected":false},"excerpt":{"rendered":"<p>POL\u00cdTICA DE PRIVACIDAD: \u00a0Mediante la presente pol\u00edtica de protecci\u00f3n de datos, INTERPLASP, informa a los usuarios de su web de la forma en que se van a gestionar los datos de sus usuarios, con el fin de que decidan, libre y voluntariamente, si desean facilitar la informaci\u00f3n solicitada. PRINCIPIOS Y GARANT\u00cdA DE PRIVACIDAD En esta [&hellip;]<\/p>\n","protected":false},"author":1,"featured_media":0,"parent":0,"menu_order":0,"comment_status":"closed","ping_status":"closed","template":"","meta":{"footnotes":""},"class_list":["post-1739","page","type-page","status-publish","hentry"],"yoast_head":"<!-- This site is optimized with the Yoast SEO plugin v27.2 - https:\/\/yoast.com\/product\/yoast-seo-wordpress\/ -->\n<title>Privacy policy - Interplasp<\/title>\n<meta name=\"robots\" content=\"index, follow, max-snippet:-1, max-image-preview:large, max-video-preview:-1\" \/>\n<link rel=\"canonical\" href=\"https:\/\/interplasp.com\/en\/privacy-policy\/\" \/>\n<meta property=\"og:locale\" content=\"en_US\" \/>\n<meta property=\"og:type\" content=\"article\" \/>\n<meta property=\"og:title\" content=\"Privacy policy - Interplasp\" \/>\n<meta property=\"og:description\" content=\"POL\u00cdTICA DE PRIVACIDAD: \u00a0Mediante la presente pol\u00edtica de protecci\u00f3n de datos, INTERPLASP, informa a los usuarios de su web de la forma en que se van a gestionar los datos de sus usuarios, con el fin de que decidan, libre y voluntariamente, si desean facilitar la informaci\u00f3n solicitada. PRINCIPIOS Y GARANT\u00cdA DE PRIVACIDAD En esta [&hellip;]\" \/>\n<meta property=\"og:url\" content=\"https:\/\/interplasp.com\/en\/privacy-policy\/\" \/>\n<meta property=\"og:site_name\" content=\"Interplasp\" \/>\n<meta property=\"article:publisher\" content=\"https:\/\/www.facebook.com\/interplasp\/\" \/>\n<meta property=\"article:modified_time\" content=\"2025-05-16T12:12:55+00:00\" \/>\n<meta name=\"twitter:card\" content=\"summary_large_image\" \/>\n<meta name=\"twitter:label1\" content=\"Est. reading time\" \/>\n\t<meta name=\"twitter:data1\" content=\"9 minutes\" \/>\n<script type=\"application\/ld+json\" class=\"yoast-schema-graph\">{\"@context\":\"https:\/\/schema.org\",\"@graph\":[{\"@type\":\"WebPage\",\"@id\":\"https:\/\/interplasp.com\/en\/privacy-policy\/\",\"url\":\"https:\/\/interplasp.com\/en\/privacy-policy\/\",\"name\":\"Privacy policy - Interplasp\",\"isPartOf\":{\"@id\":\"https:\/\/interplasp.com\/#website\"},\"datePublished\":\"2025-05-15T09:34:51+00:00\",\"dateModified\":\"2025-05-16T12:12:55+00:00\",\"breadcrumb\":{\"@id\":\"https:\/\/interplasp.com\/en\/privacy-policy\/#breadcrumb\"},\"inLanguage\":\"en-US\",\"potentialAction\":[{\"@type\":\"ReadAction\",\"target\":[\"https:\/\/interplasp.com\/en\/privacy-policy\/\"]}]},{\"@type\":\"BreadcrumbList\",\"@id\":\"https:\/\/interplasp.com\/en\/privacy-policy\/#breadcrumb\",\"itemListElement\":[{\"@type\":\"ListItem\",\"position\":1,\"name\":\"Home\",\"item\":\"https:\/\/interplasp.com\/\"},{\"@type\":\"ListItem\",\"position\":2,\"name\":\"Privacy policy\"}]},{\"@type\":\"WebSite\",\"@id\":\"https:\/\/interplasp.com\/#website\",\"url\":\"https:\/\/interplasp.com\/\",\"name\":\"Interplasp\",\"description\":\"\",\"publisher\":{\"@id\":\"https:\/\/interplasp.com\/#organization\"},\"potentialAction\":[{\"@type\":\"SearchAction\",\"target\":{\"@type\":\"EntryPoint\",\"urlTemplate\":\"https:\/\/interplasp.com\/?s={search_term_string}\"},\"query-input\":{\"@type\":\"PropertyValueSpecification\",\"valueRequired\":true,\"valueName\":\"search_term_string\"}}],\"inLanguage\":\"en-US\"},{\"@type\":\"Organization\",\"@id\":\"https:\/\/interplasp.com\/#organization\",\"name\":\"Interplasp\",\"url\":\"https:\/\/interplasp.com\/\",\"logo\":{\"@type\":\"ImageObject\",\"inLanguage\":\"en-US\",\"@id\":\"https:\/\/interplasp.com\/#\/schema\/logo\/image\/\",\"url\":\"https:\/\/interplasp.com\/wp-content\/uploads\/2025\/05\/logo_h_black.png\",\"contentUrl\":\"https:\/\/interplasp.com\/wp-content\/uploads\/2025\/05\/logo_h_black.png\",\"width\":600,\"height\":175,\"caption\":\"Interplasp\"},\"image\":{\"@id\":\"https:\/\/interplasp.com\/#\/schema\/logo\/image\/\"},\"sameAs\":[\"https:\/\/www.facebook.com\/interplasp\/\"]}]}<\/script>\n<!-- \/ Yoast SEO plugin. -->","yoast_head_json":{"title":"Privacy policy - Interplasp","robots":{"index":"index","follow":"follow","max-snippet":"max-snippet:-1","max-image-preview":"max-image-preview:large","max-video-preview":"max-video-preview:-1"},"canonical":"https:\/\/interplasp.com\/en\/privacy-policy\/","og_locale":"en_US","og_type":"article","og_title":"Privacy policy - Interplasp","og_description":"POL\u00cdTICA DE PRIVACIDAD: \u00a0Mediante la presente pol\u00edtica de protecci\u00f3n de datos, INTERPLASP, informa a los usuarios de su web de la forma en que se van a gestionar los datos de sus usuarios, con el fin de que decidan, libre y voluntariamente, si desean facilitar la informaci\u00f3n solicitada. PRINCIPIOS Y GARANT\u00cdA DE PRIVACIDAD En esta [&hellip;]","og_url":"https:\/\/interplasp.com\/en\/privacy-policy\/","og_site_name":"Interplasp","article_publisher":"https:\/\/www.facebook.com\/interplasp\/","article_modified_time":"2025-05-16T12:12:55+00:00","twitter_card":"summary_large_image","twitter_misc":{"Est. reading time":"9 minutes"},"schema":{"@context":"https:\/\/schema.org","@graph":[{"@type":"WebPage","@id":"https:\/\/interplasp.com\/en\/privacy-policy\/","url":"https:\/\/interplasp.com\/en\/privacy-policy\/","name":"Privacy policy - Interplasp","isPartOf":{"@id":"https:\/\/interplasp.com\/#website"},"datePublished":"2025-05-15T09:34:51+00:00","dateModified":"2025-05-16T12:12:55+00:00","breadcrumb":{"@id":"https:\/\/interplasp.com\/en\/privacy-policy\/#breadcrumb"},"inLanguage":"en-US","potentialAction":[{"@type":"ReadAction","target":["https:\/\/interplasp.com\/en\/privacy-policy\/"]}]},{"@type":"BreadcrumbList","@id":"https:\/\/interplasp.com\/en\/privacy-policy\/#breadcrumb","itemListElement":[{"@type":"ListItem","position":1,"name":"Home","item":"https:\/\/interplasp.com\/"},{"@type":"ListItem","position":2,"name":"Privacy policy"}]},{"@type":"WebSite","@id":"https:\/\/interplasp.com\/#website","url":"https:\/\/interplasp.com\/","name":"Interplasp","description":"","publisher":{"@id":"https:\/\/interplasp.com\/#organization"},"potentialAction":[{"@type":"SearchAction","target":{"@type":"EntryPoint","urlTemplate":"https:\/\/interplasp.com\/?s={search_term_string}"},"query-input":{"@type":"PropertyValueSpecification","valueRequired":true,"valueName":"search_term_string"}}],"inLanguage":"en-US"},{"@type":"Organization","@id":"https:\/\/interplasp.com\/#organization","name":"Interplasp","url":"https:\/\/interplasp.com\/","logo":{"@type":"ImageObject","inLanguage":"en-US","@id":"https:\/\/interplasp.com\/#\/schema\/logo\/image\/","url":"https:\/\/interplasp.com\/wp-content\/uploads\/2025\/05\/logo_h_black.png","contentUrl":"https:\/\/interplasp.com\/wp-content\/uploads\/2025\/05\/logo_h_black.png","width":600,"height":175,"caption":"Interplasp"},"image":{"@id":"https:\/\/interplasp.com\/#\/schema\/logo\/image\/"},"sameAs":["https:\/\/www.facebook.com\/interplasp\/"]}]}},"_links":{"self":[{"href":"https:\/\/interplasp.com\/en\/wp-json\/wp\/v2\/pages\/1739","targetHints":{"allow":["GET"]}}],"collection":[{"href":"https:\/\/interplasp.com\/en\/wp-json\/wp\/v2\/pages"}],"about":[{"href":"https:\/\/interplasp.com\/en\/wp-json\/wp\/v2\/types\/page"}],"author":[{"embeddable":true,"href":"https:\/\/interplasp.com\/en\/wp-json\/wp\/v2\/users\/1"}],"replies":[{"embeddable":true,"href":"https:\/\/interplasp.com\/en\/wp-json\/wp\/v2\/comments?post=1739"}],"version-history":[{"count":1,"href":"https:\/\/interplasp.com\/en\/wp-json\/wp\/v2\/pages\/1739\/revisions"}],"predecessor-version":[{"id":2025,"href":"https:\/\/interplasp.com\/en\/wp-json\/wp\/v2\/pages\/1739\/revisions\/2025"}],"wp:attachment":[{"href":"https:\/\/interplasp.com\/en\/wp-json\/wp\/v2\/media?parent=1739"}],"curies":[{"name":"wp","href":"https:\/\/api.w.org\/{rel}","templated":true}]}}